{"id":1805,"date":"2025-07-15T21:09:52","date_gmt":"2025-07-15T19:09:52","guid":{"rendered":"https:\/\/obronca.secretcats.pl\/nl\/?page_id=1805"},"modified":"2025-07-23T08:02:00","modified_gmt":"2025-07-23T06:02:00","slug":"blog","status":"publish","type":"page","link":"https:\/\/obronca.eu\/nl\/blog\/","title":{"rendered":"Blog dla polak\u00f3w w Holandii"},"content":{"rendered":"\t\t<div data-elementor-type=\"wp-page\" data-elementor-id=\"1805\" class=\"elementor elementor-1805\" data-elementor-settings=\"{&quot;ha_cmc_init_switcher&quot;:&quot;no&quot;}\">\n\t\t\t\t<div class=\"elementor-element elementor-element-9171ec9 e-flex e-con-boxed wpr-particle-no wpr-jarallax-no wpr-parallax-no wpr-sticky-section-no e-con e-parent\" data-id=\"9171ec9\" data-element_type=\"container\" data-settings=\"{&quot;background_background&quot;:&quot;gradient&quot;,&quot;_ha_eqh_enable&quot;:false}\">\n\t\t\t\t\t<div class=\"e-con-inner\">\n\t\t<div class=\"elementor-element elementor-element-3e3ba6e e-con-full e-flex wpr-particle-no wpr-jarallax-no wpr-parallax-no wpr-sticky-section-no e-con e-child\" data-id=\"3e3ba6e\" data-element_type=\"container\" data-settings=\"{&quot;_ha_eqh_enable&quot;:false}\">\n\t\t\t\t<div class=\"elementor-element elementor-element-ed5c6fc meta-visibility-show section-title-style-style1 title_position_default title_hover_border_default title-default img_hover_animation_default meta_position_default readmore-btn-default-style grid-hover-overlay-type-always tpg-el-box-border-enable tpg-border-bottom-disable elementor-widget elementor-widget-tpg-list-layout\" data-id=\"ed5c6fc\" data-element_type=\"widget\" data-widget_type=\"tpg-list-layout.default\">\n\t\t\t\t<div class=\"elementor-widget-container\">\n\t\t\t\t\t\n        <div class=\"rt-container-fluid rt-tpg-container tpg-el-main-wrapper list-layout1-main \"\n             data-sc-id=\"elementor\"\n             id=\"rt-tpg-container-1667014547\"\n             data-layout=\"list-layout1\"\n             data-grid-style=\"tpg-even\"\n             data-el-settings=''\n             data-el-query=''\n             data-el-path=''\n        >\n\t\t\t            <div class='tpg-header-wrapper '>\n\t\t\t\t\n        <div class=\"tpg-widget-heading-wrapper rt-clear heading-style1 \">\n            <span class=\"tpg-widget-heading-line line-left\"><\/span>\n\t\t\t<h2 class='tpg-widget-heading'>\n\t\t\t\n\t\t\t\t                    <span>\n\t\t\t\t\t\tBlog\t\t\t\t\t<\/span>\n\t\t\t\t\t\n\t\t\t\t\t\t\t<\/h2>            <span class=\"tpg-widget-heading-line line-right\"><\/span>\n\n\t\t\t\n        <\/div>\n\n\t\t\n\t\t            <\/div>\n\n            <div data-title=\"Loading ...\" class=\"rt-row rt-content-loader list-layout1 tpg-even list-behaviour list-layout-wrapper\">\n\t\t\t\t\n<div class=\"rt-col-md-12 rt-col-sm-12 rt-col-xs-12 default rt-list-item rt-grid-item\" data-id=\"1808\">\n\t<div class=\"rt-holder tpg-post-holder\">\n\t\t<div class=\"rt-detail rt-el-content-wrapper\">\n\t\t\t\t\t\t\t<div class=\"rt-img-holder tpg-el-image-wrap has-thumbnail\">\n\t\t\t\t\t<a data-id=\"1808\" href=\"https:\/\/obronca.eu\/nl\/blog\/2025\/07\/15\/pomoc-prawna-dla-polakow-w-holandii-nie-jestes-sam-za-granica\/\" class=\"tpg-post-link\" target=\"_self\">                        <img fetchpriority=\"high\" decoding=\"async\" src=\"https:\/\/obronca.eu\/nl\/wp-content\/uploads\/sites\/3\/2025\/07\/slider-2-768x422.jpg\"\n                             class=\"rt-img-responsive\"\n                             width=\"768\"\n                             height=\"422\"\n                             alt=\"Juridische hulp voor Polen in Nederland \u2013 je staat er niet alleen voor in het buitenland\">\n\t\t\t\t\t\t\n\t\t\t\t\t\t\t\n\t\t<\/a>\n\t\t        <div class=\"overlay grid-hover-content\"><\/div>\n\t\t\t\t\t\t<\/div>\n\t\t\t\n\t\t\t<div class=\"post-right-content\">\n\t\t\t\t<div class=\"entry-title-wrapper\"><h3 class=\"entry-title\"><a data-id=\"1808\" href=\"https:\/\/obronca.eu\/nl\/blog\/2025\/07\/15\/pomoc-prawna-dla-polakow-w-holandii-nie-jestes-sam-za-granica\/\" class=\"tpg-post-link\" target=\"_self\">Juridische hulp voor Polen in Nederland \u2013 je staat er niet alleen voor in het buitenland<\/a><\/h3><\/div>\n\t\t\t\t\t\t\t\t\t<div class=\"post-meta-tags rt-el-post-meta\">\n\t\t\t\t\t\t            <span class='date'>\n\t\t\t\t<i class='far fa-calendar-alt '><\/i>\t\t\t\t                    <a href=\"https:\/\/obronca.eu\/nl\/blog\/2025\/07\/15\/\">\n\t\t\t\t\t2025-07-15\t\t\t\t<\/a>\n\t\t\t\t\t\t\t<\/span>\n\t\t\t\t\t\t\t\t<\/div>\n\t\t\t\t\n\t\t\t\t\t\t\t\t\t<div class=\"tpg-excerpt tpg-el-excerpt\">\n\t\t\t\t\t\t\t\t\t\t\t\t\t<div class=\"tpg-excerpt-inner\">\n\t\t\t\t\t\t\t\tJuridische hulp voor Polen in Nederland \u2013 je staat er niet alleen voor in het buitenland Het leven...\t\t\t\t\t\t\t<\/div>\n\t\t\t\t\t\t\t\t\t\t\t\t\t\t\t\t\t<\/div>\n\t\t\t\t\n\t\t\t\t        <div class=\"post-footer\">\n            <div class=\"post-footer\">\n                <div class=\"read-more\">\n\t\t\t\t\t<a data-id=\"1808\" href=\"https:\/\/obronca.eu\/nl\/blog\/2025\/07\/15\/pomoc-prawna-dla-polakow-w-holandii-nie-jestes-sam-za-granica\/\" class=\"tpg-post-link\" target=\"_self\">Meer<\/a>                <\/div>\n            <\/div>\n        <\/div>\n\t\t\t\t\t<\/div>\n\t\t<\/div>\n\t<\/div>\n<\/div>\n            <\/div>\n\n\t\t\t\n        <\/div>\n\t\t\t\t\t\t<\/div>\n\t\t\t\t<\/div>\n\t\t\t\t<\/div>\n\t\t<div class=\"elementor-element elementor-element-954fbc2 e-con-full e-flex wpr-particle-no wpr-jarallax-no wpr-parallax-no wpr-sticky-section-no e-con e-child\" data-id=\"954fbc2\" data-element_type=\"container\" data-settings=\"{&quot;_ha_eqh_enable&quot;:false}\">\n\t\t<div class=\"elementor-element elementor-element-9957031 e-con-full e-flex wpr-particle-no wpr-jarallax-no wpr-parallax-no wpr-sticky-section-no e-con e-child\" data-id=\"9957031\" data-element_type=\"container\" data-settings=\"{&quot;background_background&quot;:&quot;classic&quot;,&quot;_ha_eqh_enable&quot;:false}\">\n\t\t\t\t<div class=\"elementor-element elementor-element-00daa03 elementor-widget elementor-widget-heading\" data-id=\"00daa03\" data-element_type=\"widget\" data-widget_type=\"heading.default\">\n\t\t\t\t\t<h3 class=\"elementor-heading-title elementor-size-default\">Meld uw zaak. We bellen u zo snel mogelijk terug!<\/h3>\t\t\t\t<\/div>\n\t\t\t\t<div class=\"elementor-element elementor-element-27a0a15 elementor-widget elementor-widget-shortcode\" data-id=\"27a0a15\" data-element_type=\"widget\" data-widget_type=\"shortcode.default\">\n\t\t\t\t\t\t\t<div class=\"elementor-shortcode\">\n<div class=\"wpcf7 no-js\" id=\"wpcf7-f1174-o1\" lang=\"pl-PL\" dir=\"ltr\" data-wpcf7-id=\"1174\">\n<div class=\"screen-reader-response\"><p role=\"status\" aria-live=\"polite\" aria-atomic=\"true\"><\/p> <ul><\/ul><\/div>\n<form action=\"\/nl\/wp-json\/wp\/v2\/pages\/1805#wpcf7-f1174-o1\" method=\"post\" class=\"wpcf7-form init wpcf7-acceptance-as-validation\" aria-label=\"Formularz kontaktowy\" novalidate=\"novalidate\" data-status=\"init\">\n<fieldset class=\"hidden-fields-container\"><input type=\"hidden\" name=\"_wpcf7\" value=\"1174\" \/><input type=\"hidden\" name=\"_wpcf7_version\" value=\"6.1\" \/><input type=\"hidden\" name=\"_wpcf7_locale\" value=\"pl_PL\" \/><input type=\"hidden\" name=\"_wpcf7_unit_tag\" value=\"wpcf7-f1174-o1\" \/><input type=\"hidden\" name=\"_wpcf7_container_post\" value=\"0\" \/><input type=\"hidden\" name=\"_wpcf7_posted_data_hash\" value=\"\" \/><input type=\"hidden\" name=\"_uacf7_hidden_conditional_fields\" value=\"\" \/><input type=\"hidden\" name=\"_wpcf7_recaptcha_response\" value=\"\" \/>\n<\/fieldset>\n<div class=\"uacf7-form-1174  \"><label> Voor- en achternaam:\n    <span class=\"wpcf7-form-control-wrap\" data-name=\"imie-i-nazwisko\"><input size=\"40\" maxlength=\"400\" class=\"wpcf7-form-control wpcf7-text wpcf7-validates-as-required\" aria-required=\"true\" aria-invalid=\"false\" value=\"\" type=\"text\" name=\"imie-i-nazwisko\" \/><\/span> <\/label>\n<label> Telefoonnummer:\n    <span class=\"wpcf7-form-control-wrap\" data-name=\"numer-telefonu\"><input size=\"40\" maxlength=\"400\" class=\"wpcf7-form-control wpcf7-text wpcf7-validates-as-required\" aria-required=\"true\" aria-invalid=\"false\" value=\"\" type=\"text\" name=\"numer-telefonu\" \/><\/span> <\/label>\n<label> E-mailadres:\n    <span class=\"wpcf7-form-control-wrap\" data-name=\"email-697\"><input size=\"40\" maxlength=\"400\" class=\"wpcf7-form-control wpcf7-email wpcf7-validates-as-required wpcf7-text wpcf7-validates-as-email\" aria-required=\"true\" aria-invalid=\"false\" value=\"\" type=\"email\" name=\"email-697\" \/><\/span> <\/label>\n<label> Waar gaat de zaak over:\n    <span class=\"wpcf7-form-control-wrap\" data-name=\"czego-dotyczy-sprawa\"><select class=\"wpcf7-form-control wpcf7-select wpcf7-validates-as-required\" aria-required=\"true\" aria-invalid=\"false\" name=\"czego-dotyczy-sprawa\"><option value=\"Letselschadevergoeding\">Letselschadevergoeding<\/option><option value=\"Arbeidsrecht\">Arbeidsrecht<\/option><option value=\"Burgerlijk recht\">Burgerlijk recht<\/option><option value=\"Familierecht\">Familierecht<\/option><option value=\"Vertalingen\">Vertalingen<\/option><option value=\"Begeleiding bij afspraken\">Begeleiding bij afspraken<\/option><\/select><\/span><\/label>\n\n<label> Berichtinhoud:\n    <span class=\"wpcf7-form-control-wrap\" data-name=\"your-message\"><textarea cols=\"40\" rows=\"10\" maxlength=\"2000\" class=\"wpcf7-form-control wpcf7-textarea\" aria-invalid=\"false\" name=\"your-message\"><\/textarea><\/span> <\/label>\n<span class=\"wpcf7-form-control-wrap\" data-name=\"acceptance-689\"><span class=\"wpcf7-form-control wpcf7-acceptance optional\"><span class=\"wpcf7-list-item\"><label><input type=\"checkbox\" name=\"acceptance-689\" value=\"1\" aria-invalid=\"false\" \/><span class=\"wpcf7-list-item-label\">Ik geef toestemming voor de verwerking van mijn persoonsgegevens door de beheerder van de website: Obronca.eu B.V, Zuidwenk 80 M, 3751 CG Bunschoten Spakenburg Nederland, met als doel contact op te nemen met het bedrijf. Gedetailleerde informatie over de verwerking van persoonsgegevens is te vinden in het <a href=\"https:\/\/obronca.eu\/nl\/Privacybeleid\">Privacybeleid.<\/a><\/span><\/label><\/span><\/span><\/span>\n\n<input class=\"wpcf7-form-control wpcf7-submit has-spinner\" type=\"submit\" value=\"Verzenden\" \/><\/div><div class=\"wpcf7-response-output\" aria-hidden=\"true\"><\/div>\n<\/form>\n<\/div>\n<\/div>\n\t\t\t\t\t\t<\/div>\n\t\t\t\t<\/div>\n\t\t\t\t<\/div>\n\t\t\t\t\t<\/div>\n\t\t\t\t<\/div>\n\t\t\t\t<\/div>\n\t\t","protected":false},"excerpt":{"rendered":"<p>Blog Pomoc prawna dla Polak\u00f3w w Holandii \u2013 nie jeste\u015b sam za granic\u0105 2025-07-15 Pomoc prawna dla Polak\u00f3w w Holandii \u2013 nie jeste\u015b sam za granic\u0105 \u017bycie na emigracji nie zawsze jest&#8230; Meer Meld uw zaak. We bellen u zo snel mogelijk terug!<\/p>\n","protected":false},"author":1,"featured_media":0,"parent":0,"menu_order":0,"comment_status":"closed","ping_status":"closed","template":"","meta":{"om_disable_all_campaigns":false,"_monsterinsights_skip_tracking":false,"_monsterinsights_sitenote_active":false,"_monsterinsights_sitenote_note":"","_monsterinsights_sitenote_category":0,"footnotes":""},"class_list":["post-1805","page","type-page","status-publish","hentry"],"aioseo_notices":[],"rttpg_featured_image_url":null,"rttpg_author":{"display_name":"admin","author_link":"https:\/\/obronca.eu\/nl\/blog\/author\/admin\/"},"rttpg_comment":0,"rttpg_category":"","rttpg_excerpt":"Blog Pomoc prawna dla Polak\u00f3w w Holandii \u2013 nie jeste\u015b sam za granic\u0105 2025-07-15 Pomoc prawna dla Polak\u00f3w w Holandii \u2013 nie jeste\u015b sam za granic\u0105 \u017bycie na emigracji nie zawsze jest&#8230; Meer Meld uw zaak. We bellen u zo snel mogelijk terug!","_links":{"self":[{"href":"https:\/\/obronca.eu\/nl\/wp-json\/wp\/v2\/pages\/1805","targetHints":{"allow":["GET"]}}],"collection":[{"href":"https:\/\/obronca.eu\/nl\/wp-json\/wp\/v2\/pages"}],"about":[{"href":"https:\/\/obronca.eu\/nl\/wp-json\/wp\/v2\/types\/page"}],"author":[{"embeddable":true,"href":"https:\/\/obronca.eu\/nl\/wp-json\/wp\/v2\/users\/1"}],"replies":[{"embeddable":true,"href":"https:\/\/obronca.eu\/nl\/wp-json\/wp\/v2\/comments?post=1805"}],"version-history":[{"count":60,"href":"https:\/\/obronca.eu\/nl\/wp-json\/wp\/v2\/pages\/1805\/revisions"}],"predecessor-version":[{"id":2643,"href":"https:\/\/obronca.eu\/nl\/wp-json\/wp\/v2\/pages\/1805\/revisions\/2643"}],"wp:attachment":[{"href":"https:\/\/obronca.eu\/nl\/wp-json\/wp\/v2\/media?parent=1805"}],"curies":[{"name":"wp","href":"https:\/\/api.w.org\/{rel}","templated":true}]}}