{"id":2244,"date":"2025-07-19T18:57:17","date_gmt":"2025-07-19T16:57:17","guid":{"rendered":"https:\/\/obronca.secretcats.pl\/en\/?page_id=2244"},"modified":"2025-07-22T11:29:36","modified_gmt":"2025-07-22T09:29:36","slug":"formularz-wstepny","status":"publish","type":"page","link":"https:\/\/obronca.eu\/en\/formularz-wstepny\/","title":{"rendered":"Formularz wst\u0119pny"},"content":{"rendered":"\t\t<div data-elementor-type=\"wp-page\" data-elementor-id=\"2244\" class=\"elementor elementor-2244\" data-elementor-settings=\"{&quot;ha_cmc_init_switcher&quot;:&quot;no&quot;}\">\n\t\t\t\t<div class=\"elementor-element elementor-element-eb83441 e-flex e-con-boxed wpr-particle-no wpr-jarallax-no wpr-parallax-no wpr-sticky-section-no e-con e-parent\" data-id=\"eb83441\" data-element_type=\"container\" data-settings=\"{&quot;background_background&quot;:&quot;slideshow&quot;,&quot;background_slideshow_gallery&quot;:[{&quot;id&quot;:1749,&quot;url&quot;:&quot;https:\\\/\\\/obronca.eu\\\/en\\\/wp-content\\\/uploads\\\/2025\\\/07\\\/slider-2-1.jpg&quot;}],&quot;background_slideshow_transition_duration&quot;:800,&quot;background_slideshow_ken_burns&quot;:&quot;yes&quot;,&quot;background_slideshow_loop&quot;:&quot;yes&quot;,&quot;background_slideshow_slide_duration&quot;:5000,&quot;background_slideshow_slide_transition&quot;:&quot;fade&quot;,&quot;background_slideshow_ken_burns_zoom_direction&quot;:&quot;in&quot;,&quot;_ha_eqh_enable&quot;:false}\">\n\t\t\t\t\t<div class=\"e-con-inner\">\n\t\t<div class=\"elementor-element elementor-element-6b0cbe3 e-con-full e-flex wpr-particle-no wpr-jarallax-no wpr-parallax-no wpr-sticky-section-no e-con e-child\" data-id=\"6b0cbe3\" data-element_type=\"container\" data-settings=\"{&quot;_ha_eqh_enable&quot;:false}\">\n\t\t\t\t<div class=\"elementor-element elementor-element-8d0491f elementor-widget elementor-widget-heading\" data-id=\"8d0491f\" data-element_type=\"widget\" data-widget_type=\"heading.default\">\n\t\t\t\t\t<h1 class=\"elementor-heading-title elementor-size-default\"><b><strong>Legal and administrative assistance <\/strong><\/b> in the Netherlands<\/h1>\t\t\t\t<\/div>\n\t\t\t\t<div class=\"elementor-element elementor-element-fe3bc16 elementor-widget elementor-widget-heading\" data-id=\"fe3bc16\" data-element_type=\"widget\" data-widget_type=\"heading.default\">\n\t\t\t\t\t<h3 class=\"elementor-heading-title elementor-size-default\">\u00b7 Accident compensation \u00b7 Labour, civil, family law \u00b7 Translations \u00b7 Meeting assistance<\/h3>\t\t\t\t<\/div>\n\t\t\t\t<\/div>\n\t\t\t\t\t<\/div>\n\t\t\t\t<\/div>\n\t\t<div class=\"elementor-element elementor-element-a1e0493 e-flex e-con-boxed wpr-particle-no wpr-jarallax-no wpr-parallax-no wpr-sticky-section-no e-con e-parent\" data-id=\"a1e0493\" data-element_type=\"container\" data-settings=\"{&quot;background_background&quot;:&quot;classic&quot;,&quot;_ha_eqh_enable&quot;:false}\">\n\t\t\t\t\t<div class=\"e-con-inner\">\n\t\t<div class=\"elementor-element elementor-element-5d69d73 e-con-full e-flex wpr-particle-no wpr-jarallax-no wpr-parallax-no wpr-sticky-section-no e-con e-child\" data-id=\"5d69d73\" data-element_type=\"container\" data-settings=\"{&quot;_ha_eqh_enable&quot;:false}\">\n\t\t\t\t<div class=\"elementor-element elementor-element-20e3bbe elementor-widget elementor-widget-spacer\" data-id=\"20e3bbe\" data-element_type=\"widget\" data-widget_type=\"spacer.default\">\n\t\t\t\t\t\t\t<div class=\"elementor-spacer\">\n\t\t\t<div class=\"elementor-spacer-inner\"><\/div>\n\t\t<\/div>\n\t\t\t\t\t\t<\/div>\n\t\t\t\t<\/div>\n\t\t<div class=\"elementor-element elementor-element-296c4ce e-con-full e-flex wpr-particle-no wpr-jarallax-no wpr-parallax-no wpr-sticky-section-no e-con e-child\" data-id=\"296c4ce\" data-element_type=\"container\" data-settings=\"{&quot;_ha_eqh_enable&quot;:false}\">\n\t\t<div class=\"elementor-element elementor-element-b90d2b0 e-con-full e-flex wpr-particle-no wpr-jarallax-no wpr-parallax-no wpr-sticky-section-no e-con e-child\" data-id=\"b90d2b0\" data-element_type=\"container\" data-settings=\"{&quot;_ha_eqh_enable&quot;:false}\">\n\t\t\t\t<div class=\"elementor-element elementor-element-0b6a371 elementor-widget elementor-widget-heading\" data-id=\"0b6a371\" data-element_type=\"widget\" data-widget_type=\"heading.default\">\n\t\t\t\t\t<h2 class=\"elementor-heading-title elementor-size-default\">Preliminary form<\/h2>\t\t\t\t<\/div>\n\t\t\t\t<div class=\"elementor-element elementor-element-9db477f ha-has-bg-overlay elementor-widget elementor-widget-shortcode\" data-id=\"9db477f\" data-element_type=\"widget\" data-widget_type=\"shortcode.default\">\n\t\t\t\t\t\t\t<div class=\"elementor-shortcode\">\n<div class=\"wpcf7 no-js\" id=\"wpcf7-f2234-o1\" lang=\"pl-PL\" dir=\"ltr\" data-wpcf7-id=\"2234\">\n<div class=\"screen-reader-response\"><p role=\"status\" aria-live=\"polite\" aria-atomic=\"true\"><\/p> <ul><\/ul><\/div>\n<form action=\"\/en\/wp-json\/wp\/v2\/pages\/2244#wpcf7-f2234-o1\" method=\"post\" class=\"wpcf7-form init wpcf7-acceptance-as-validation\" aria-label=\"Formularz kontaktowy\" enctype=\"multipart\/form-data\" novalidate=\"novalidate\" data-status=\"init\">\n<fieldset class=\"hidden-fields-container\"><input type=\"hidden\" name=\"_wpcf7\" value=\"2234\" \/><input type=\"hidden\" name=\"_wpcf7_version\" value=\"6.1\" \/><input type=\"hidden\" name=\"_wpcf7_locale\" value=\"pl_PL\" \/><input type=\"hidden\" name=\"_wpcf7_unit_tag\" value=\"wpcf7-f2234-o1\" \/><input type=\"hidden\" name=\"_wpcf7_container_post\" value=\"0\" \/><input type=\"hidden\" name=\"_wpcf7_posted_data_hash\" value=\"\" \/><input type=\"hidden\" name=\"_uacf7_hidden_conditional_fields\" value=\"\" \/><input type=\"hidden\" name=\"_wpcf7_recaptcha_response\" value=\"\" \/>\n<\/fieldset>\n<div class=\"uacf7-form-2234  \"><span class=\"contact-headline\">Case<\/span><br\/>\n<div style=\"margin: 10px 0px !important;\">\n<label>1. Subject: <span class=\"wpcf7-form-control-wrap\" data-name=\"temat-s\"><input size=\"40\" maxlength=\"400\" class=\"wpcf7-form-control wpcf7-text wpcf7-validates-as-required\" aria-required=\"true\" aria-invalid=\"false\" value=\"\" type=\"text\" name=\"temat-s\" \/><\/span><\/label>\n<label>2. Area of law: <span class=\"wpcf7-form-control-wrap\" data-name=\"dziedzina-prawa-s\"><select class=\"wpcf7-form-control wpcf7-select wpcf7-validates-as-required\" aria-required=\"true\" aria-invalid=\"false\" name=\"dziedzina-prawa-s\"><option value=\"\">&#8212;Prosz\u0119 wybra\u0107 opcj\u0119&#8212;<\/option><option value=\"Accident compensation\">Accident compensation<\/option><option value=\"Labour law\">Labour law<\/option><option value=\"Civil law\">Civil law<\/option><option value=\"Family law\">Family law<\/option><option value=\"Translations\">Translations<\/option><option value=\"Meeting assistance\">Meeting assistance<\/option><\/select><\/span><\/label>\n<label>3. Legal expenses insurance: <span class=\"wpcf7-form-control-wrap\" data-name=\"ubezpieczenie-ochrony-prawnej\"><select class=\"wpcf7-form-control wpcf7-select wpcf7-validates-as-required\" aria-required=\"true\" aria-invalid=\"false\" name=\"ubezpieczenie-ochrony-prawnej\"><option value=\"\">&#8212;Prosz\u0119 wybra\u0107 opcj\u0119&#8212;<\/option><option value=\"Yes\">Yes<\/option><option value=\"No\">No<\/option><\/select><\/span><\/label>\n<label>4. Copy of identity document: <span class=\"wpcf7-form-control-wrap\" data-name=\"kopia-dokumentu\"><select class=\"wpcf7-form-control wpcf7-select wpcf7-validates-as-required\" aria-required=\"true\" aria-invalid=\"false\" name=\"kopia-dokumentu\"><option value=\"\">&#8212;Prosz\u0119 wybra\u0107 opcj\u0119&#8212;<\/option><option value=\"Yes\">Yes<\/option><option value=\"No\">No<\/option><\/select><\/span><\/label>\n<div class=\"uacf7_conditional dowodskan\">\n<label>4a. Upload file: <span class=\"wpcf7-form-control-wrap\" data-name=\"file-369\"><input size=\"40\" class=\"wpcf7-form-control wpcf7-file\" accept=\"audio\/*,video\/*,image\/*\" aria-invalid=\"false\" type=\"file\" name=\"file-369\" \/><\/span>  <\/label>\n<\/div>\n<\/div>\n<span class=\"contact-headline\">Personal information<\/span><br\/>\n<div style=\"margin: 10px 0px !important;\">\n<label>5. Last name and first name:<span class=\"wpcf7-form-control-wrap\" data-name=\"imie-nazwisko\"><input size=\"40\" maxlength=\"400\" class=\"wpcf7-form-control wpcf7-text wpcf7-validates-as-required\" aria-required=\"true\" aria-invalid=\"false\" value=\"\" type=\"text\" name=\"imie-nazwisko\" \/><\/span><\/label>\n<label>6. Address and house number:<span class=\"wpcf7-form-control-wrap\" data-name=\"adres-i-numer-domu\"><input size=\"40\" maxlength=\"400\" class=\"wpcf7-form-control wpcf7-text wpcf7-validates-as-required\" aria-required=\"true\" aria-invalid=\"false\" value=\"\" type=\"text\" name=\"adres-i-numer-domu\" \/><\/span><\/label>\n<label>7. Postal code:<span class=\"wpcf7-form-control-wrap\" data-name=\"kod-pocztowy\"><input size=\"40\" maxlength=\"400\" class=\"wpcf7-form-control wpcf7-text wpcf7-validates-as-required\" aria-required=\"true\" aria-invalid=\"false\" value=\"\" type=\"text\" name=\"kod-pocztowy\" \/><\/span><\/label>\n<label>8. City:<span class=\"wpcf7-form-control-wrap\" data-name=\"miejscowosc\"><input size=\"40\" maxlength=\"400\" class=\"wpcf7-form-control wpcf7-text wpcf7-validates-as-required\" aria-required=\"true\" aria-invalid=\"false\" value=\"\" type=\"text\" name=\"miejscowosc\" \/><\/span><\/label>\n<label>9. Date of birth:<span class=\"wpcf7-form-control-wrap\" data-name=\"data-urodzenia\"><input size=\"40\" maxlength=\"400\" class=\"wpcf7-form-control wpcf7-text wpcf7-validates-as-required\" aria-required=\"true\" aria-invalid=\"false\" value=\"\" type=\"text\" name=\"data-urodzenia\" \/><\/span><\/label>\n<label>10. Nationality:<span class=\"wpcf7-form-control-wrap\" data-name=\"narodowosc\"><input size=\"40\" maxlength=\"400\" class=\"wpcf7-form-control wpcf7-text wpcf7-validates-as-required\" aria-required=\"true\" aria-invalid=\"false\" value=\"\" type=\"text\" name=\"narodowosc\" \/><\/span><\/label>\n<label>11. Phone number:<span class=\"wpcf7-form-control-wrap\" data-name=\"numer-telefonu\"><input size=\"40\" maxlength=\"400\" class=\"wpcf7-form-control wpcf7-text wpcf7-validates-as-required\" aria-required=\"true\" aria-invalid=\"false\" value=\"\" type=\"text\" name=\"numer-telefonu\" \/><\/span><\/label>\n<label>12. E-mail:<span class=\"wpcf7-form-control-wrap\" data-name=\"email-243\"><input size=\"40\" maxlength=\"400\" class=\"wpcf7-form-control wpcf7-email wpcf7-validates-as-required wpcf7-text wpcf7-validates-as-email\" aria-required=\"true\" aria-invalid=\"false\" value=\"\" type=\"email\" name=\"email-243\" \/><\/span><\/label>\n<label>13. BSN number:<span class=\"wpcf7-form-control-wrap\" data-name=\"bsn\"><input size=\"40\" maxlength=\"400\" class=\"wpcf7-form-control wpcf7-text wpcf7-validates-as-required\" aria-required=\"true\" aria-invalid=\"false\" value=\"\" type=\"text\" name=\"bsn\" \/><\/span><\/label>\n<label>14.  Are you in a relationship?: <span class=\"wpcf7-form-control-wrap\" data-name=\"zwiazek-tak-nie\"><select class=\"wpcf7-form-control wpcf7-select wpcf7-validates-as-required\" aria-required=\"true\" aria-invalid=\"false\" name=\"zwiazek-tak-nie\"><option value=\"\">&#8212;Prosz\u0119 wybra\u0107 opcj\u0119&#8212;<\/option><option value=\"Yes\">Yes<\/option><option value=\"No\">No<\/option><\/select><\/span><\/label>\n<div class=\"uacf7_conditional czyjesteswzwiazku\">\n<label>14a. Partner's full name:<span class=\"wpcf7-form-control-wrap\" data-name=\"imieinaziwskopartnera\"><input size=\"40\" maxlength=\"400\" class=\"wpcf7-form-control wpcf7-text wpcf7-validates-as-required\" aria-required=\"true\" aria-invalid=\"false\" value=\"\" type=\"text\" name=\"imieinaziwskopartnera\" \/><\/span> <\/label>\n<label>14b. Date of birth: <span class=\"wpcf7-form-control-wrap\" data-name=\"dataurodzeniapartenra\"><input size=\"40\" maxlength=\"400\" class=\"wpcf7-form-control wpcf7-text wpcf7-validates-as-required\" aria-required=\"true\" aria-invalid=\"false\" value=\"\" type=\"text\" name=\"dataurodzeniapartenra\" \/><\/span> <\/label>\n<label>14c. BSN number: <span class=\"wpcf7-form-control-wrap\" data-name=\"numerbsnpartnera\"><input size=\"40\" maxlength=\"400\" class=\"wpcf7-form-control wpcf7-text wpcf7-validates-as-required\" aria-required=\"true\" aria-invalid=\"false\" value=\"\" type=\"text\" name=\"numerbsnpartnera\" \/><\/span> <\/label>\n<\/div>\n<label>15. Children (under 18 years of age): <span class=\"wpcf7-form-control-wrap\" data-name=\"dzieci-ponizej-18\"><select class=\"wpcf7-form-control wpcf7-select\" aria-invalid=\"false\" name=\"dzieci-ponizej-18\"><option value=\"\">&#8212;Prosz\u0119 wybra\u0107 opcj\u0119&#8212;<\/option><option value=\"Yes\">Yes<\/option><option value=\"No\">No<\/option><\/select><\/span><\/label>\n<label>16. Does it concern WSNP (Debt Restructuring Act)?: <span class=\"wpcf7-form-control-wrap\" data-name=\"WSNP\"><select class=\"wpcf7-form-control wpcf7-select wpcf7-validates-as-required\" aria-required=\"true\" aria-invalid=\"false\" name=\"WSNP\"><option value=\"\">&#8212;Prosz\u0119 wybra\u0107 opcj\u0119&#8212;<\/option><option value=\"Yes\">Yes<\/option><option value=\"No\">No<\/option><\/select><\/span><\/label>\n<\/div>\n\n<span class=\"contact-headline\">Opposing party<\/span><br\/>\n<div style=\"margin: 10px 0px !important;\">\n<label>17. Full name: <span class=\"wpcf7-form-control-wrap\" data-name=\"imie-i-nazwisko-sp\"><input size=\"40\" maxlength=\"400\" class=\"wpcf7-form-control wpcf7-text wpcf7-validates-as-required\" aria-required=\"true\" aria-invalid=\"false\" value=\"\" type=\"text\" name=\"imie-i-nazwisko-sp\" \/><\/span><\/label>\n<label>18. Address and house number: <span class=\"wpcf7-form-control-wrap\" data-name=\"adres-numer-domu-sp\"><input size=\"40\" maxlength=\"400\" class=\"wpcf7-form-control wpcf7-text wpcf7-validates-as-required\" aria-required=\"true\" aria-invalid=\"false\" value=\"\" type=\"text\" name=\"adres-numer-domu-sp\" \/><\/span><\/label>\n<label>19. Postal code: <span class=\"wpcf7-form-control-wrap\" data-name=\"kod-pocztowy-sp\"><input size=\"40\" maxlength=\"400\" class=\"wpcf7-form-control wpcf7-text wpcf7-validates-as-required\" aria-required=\"true\" aria-invalid=\"false\" value=\"\" type=\"text\" name=\"kod-pocztowy-sp\" \/><\/span><\/label>\n<label>20. City: <span class=\"wpcf7-form-control-wrap\" data-name=\"miejscowosc-sp\"><input size=\"40\" maxlength=\"400\" class=\"wpcf7-form-control wpcf7-text wpcf7-validates-as-required\" aria-required=\"true\" aria-invalid=\"false\" value=\"\" type=\"text\" name=\"miejscowosc-sp\" \/><\/span><\/label>\n<label>21. Legal entity:  <span class=\"wpcf7-form-control-wrap\" data-name=\"osobaprawna-sp\"><input size=\"40\" maxlength=\"400\" class=\"wpcf7-form-control wpcf7-text wpcf7-validates-as-required\" aria-required=\"true\" aria-invalid=\"false\" value=\"\" type=\"text\" name=\"osobaprawna-sp\" \/><\/span><\/label>\n<label>22. Company name:  <span class=\"wpcf7-form-control-wrap\" data-name=\"nazwa-firmy-sp\"><input size=\"40\" maxlength=\"400\" class=\"wpcf7-form-control wpcf7-text wpcf7-validates-as-required\" aria-required=\"true\" aria-invalid=\"false\" value=\"\" type=\"text\" name=\"nazwa-firmy-sp\" \/><\/span><\/label>\n<label>23. Registered office:  <span class=\"wpcf7-form-control-wrap\" data-name=\"siedziba-sp\"><input size=\"40\" maxlength=\"400\" class=\"wpcf7-form-control wpcf7-text wpcf7-validates-as-required\" aria-required=\"true\" aria-invalid=\"false\" value=\"\" type=\"text\" name=\"siedziba-sp\" \/><\/span><\/label>\n<\/div>\n<span class=\"contact-headline\">Attachments<\/span><br\/>\n<label>Employment contract <span class=\"wpcf7-form-control-wrap\" data-name=\"file-425\"><input size=\"40\" class=\"wpcf7-form-control wpcf7-file\" accept=\"audio\/*,video\/*,image\/*\" aria-invalid=\"false\" type=\"file\" name=\"file-425\" \/><\/span><\/label>\n<label>Last 3 salary slips:<\/label>\n<label><span class=\"wpcf7-form-control-wrap\" data-name=\"file-218\"><input size=\"40\" class=\"wpcf7-form-control wpcf7-file\" accept=\"audio\/*,video\/*,image\/*\" aria-invalid=\"false\" type=\"file\" name=\"file-218\" \/><\/span><\/label>\n<label><span class=\"wpcf7-form-control-wrap\" data-name=\"file-671\"><input size=\"40\" class=\"wpcf7-form-control wpcf7-file\" accept=\"audio\/*,video\/*,image\/*\" aria-invalid=\"false\" type=\"file\" name=\"file-671\" \/><\/span><\/label>\n<label><span class=\"wpcf7-form-control-wrap\" data-name=\"file-316\"><input size=\"40\" class=\"wpcf7-form-control wpcf7-file\" accept=\"audio\/*,video\/*,image\/*\" aria-invalid=\"false\" type=\"file\" name=\"file-316\" \/><\/span><\/label>\n<label>Jaaropgave from 2 years ago: <span class=\"wpcf7-form-control-wrap\" data-name=\"file-936\"><input size=\"40\" class=\"wpcf7-form-control wpcf7-file\" accept=\"audio\/*,video\/*,image\/*\" aria-invalid=\"false\" type=\"file\" name=\"file-936\" \/><\/span><\/label>\n\n\n<span class=\"wpcf7-form-control-wrap\" data-name=\"acceptance-689\"><span class=\"wpcf7-form-control wpcf7-acceptance optional\"><span class=\"wpcf7-list-item\"><label><input type=\"checkbox\" name=\"acceptance-689\" value=\"1\" aria-invalid=\"false\" \/><span class=\"wpcf7-list-item-label\">I consent to the processing of my personal data by the website administrator: Obronca.eu B.V, Zuidwenk 80 M, 3751 CG Bunschoten Spakenburg, The Netherlands, for the purpose of being contacted by the company. Detailed information about the processing of personal data can be found in the <a href=\"https:\/\/obronca.eu\/polityka-prywatnosci\/\">Privacy Policy.<\/a><\/span><\/label><\/span><\/span><\/span>\n<input class=\"wpcf7-form-control wpcf7-submit has-spinner\" type=\"submit\" value=\"Send\" \/><\/div><div class=\"wpcf7-response-output\" aria-hidden=\"true\"><\/div>\n<\/form>\n<\/div>\n<\/div>\n\t\t\t\t\t\t<\/div>\n\t\t\t\t<\/div>\n\t\t\t\t<\/div>\n\t\t\t\t\t<\/div>\n\t\t\t\t<\/div>\n\t\t\t\t<\/div>\n\t\t","protected":false},"excerpt":{"rendered":"<p>Legal and administrative assistance in the Netherlands \u00b7 Accident compensation \u00b7 Labour, civil, family law \u00b7 Translations \u00b7 Meeting assistance Preliminary form<\/p>\n","protected":false},"author":1,"featured_media":0,"parent":0,"menu_order":0,"comment_status":"closed","ping_status":"closed","template":"","meta":{"om_disable_all_campaigns":false,"_monsterinsights_skip_tracking":false,"_monsterinsights_sitenote_active":false,"_monsterinsights_sitenote_note":"","_monsterinsights_sitenote_category":0,"footnotes":""},"class_list":["post-2244","page","type-page","status-publish","hentry"],"aioseo_notices":[],"rttpg_featured_image_url":null,"rttpg_author":{"display_name":"admin","author_link":"https:\/\/obronca.eu\/en\/blog\/author\/admin\/"},"rttpg_comment":0,"rttpg_category":null,"rttpg_excerpt":"Legal and administrative assistance in the Netherlands \u00b7 Accident compensation \u00b7 Labour, civil, family law \u00b7 Translations \u00b7 Meeting assistance Preliminary form","_links":{"self":[{"href":"https:\/\/obronca.eu\/en\/wp-json\/wp\/v2\/pages\/2244","targetHints":{"allow":["GET"]}}],"collection":[{"href":"https:\/\/obronca.eu\/en\/wp-json\/wp\/v2\/pages"}],"about":[{"href":"https:\/\/obronca.eu\/en\/wp-json\/wp\/v2\/types\/page"}],"author":[{"embeddable":true,"href":"https:\/\/obronca.eu\/en\/wp-json\/wp\/v2\/users\/1"}],"replies":[{"embeddable":true,"href":"https:\/\/obronca.eu\/en\/wp-json\/wp\/v2\/comments?post=2244"}],"version-history":[{"count":16,"href":"https:\/\/obronca.eu\/en\/wp-json\/wp\/v2\/pages\/2244\/revisions"}],"predecessor-version":[{"id":2609,"href":"https:\/\/obronca.eu\/en\/wp-json\/wp\/v2\/pages\/2244\/revisions\/2609"}],"wp:attachment":[{"href":"https:\/\/obronca.eu\/en\/wp-json\/wp\/v2\/media?parent=2244"}],"curies":[{"name":"wp","href":"https:\/\/api.w.org\/{rel}","templated":true}]}}